{"id":6,"date":"2017-06-30T10:33:33","date_gmt":"2017-06-30T08:33:33","guid":{"rendered":"http:\/\/janharnos.com\/?page_id=6"},"modified":"2021-01-26T16:16:11","modified_gmt":"2021-01-26T15:16:11","slug":"about","status":"publish","type":"page","link":"https:\/\/janharnos.com\/photography\/","title":{"rendered":"About"},"content":{"rendered":"<p><img data-recalc-dims=\"1\" loading=\"lazy\" decoding=\"async\" class=\"size-medium wp-image-297 aligncenter\" src=\"https:\/\/i0.wp.com\/janharnos.com\/photography\/wp-content\/uploads\/2019\/06\/DSC_7914_small_profilovka.jpg?resize=200%2C300\" alt=\"\" width=\"200\" height=\"300\" srcset=\"https:\/\/i0.wp.com\/janharnos.com\/photography\/wp-content\/uploads\/2019\/06\/DSC_7914_small_profilovka.jpg?resize=200%2C300&amp;ssl=1 200w, https:\/\/i0.wp.com\/janharnos.com\/photography\/wp-content\/uploads\/2019\/06\/DSC_7914_small_profilovka.jpg?resize=768%2C1151&amp;ssl=1 768w, https:\/\/i0.wp.com\/janharnos.com\/photography\/wp-content\/uploads\/2019\/06\/DSC_7914_small_profilovka.jpg?resize=684%2C1024&amp;ssl=1 684w, https:\/\/i0.wp.com\/janharnos.com\/photography\/wp-content\/uploads\/2019\/06\/DSC_7914_small_profilovka.jpg?w=1367&amp;ssl=1 1367w, https:\/\/i0.wp.com\/janharnos.com\/photography\/wp-content\/uploads\/2019\/06\/DSC_7914_small_profilovka.jpg?w=1280 1280w\" sizes=\"auto, (max-width: 200px) 100vw, 200px\" \/><\/p>\n<p>M\u00fdm p\u0159\u00e1n\u00edm je vid\u011bt sv\u011bt do \u0161iroka otev\u0159en\u00fdma o\u010dima za\u010d\u00e1te\u010dn\u00edka, v\u00e1\u0161niv\u011b a s nad\u0161en\u00edm pronikat do obrazu a zachycovat ty kr\u00e1tk\u00e9 oka-m\u017eiky, kter\u00e9 s v\u00e1mi chci sd\u00edlet. Nad kter\u00fdmi se chci spole\u010dn\u011b s v\u00e1mi radovat.<\/p>\n<p>Jsem v \u00fa\u017easu nad v\u0161\u00edm kr\u00e1sn\u00fdm!<\/p>\n<p>Jsem \u017eenat\u00fd a m\u00e1m dv\u011b dcery. Po roce \u017eivota na Bali, \u017eiji moment\u00e1ln\u011b v Brn\u011b.<\/p>\n<p>P\u016fsob\u00edm tak\u00e9 jako horsk\u00fd pr\u016fvodce, miluji pohyb, horolezectv\u00ed, otu\u017eov\u00e1n\u00ed, skitouring. Jsem aktivn\u00ed pot\u00e1p\u011b\u010d a st\u0159elec. P\u016fsob\u00edm tak\u00e9 jako lektor osobn\u00edho rozvoje, partnerstv\u00ed a sexuality.<\/p>\n<p>Pokud se v\u00e1m m\u00e9 fotografie l\u00edb\u00ed, nev\u00e1hejte mne oslovit a vybrat si tu svou. Stejn\u011b tak budu r\u00e1d za nab\u00eddky focen\u00ed v\u00e1s, va\u0161eho \u017eivota, va\u0161ich n\u00e1pad\u016f.<\/p>\n<p>&nbsp;<\/p>\n<p>My wish is to watch the world with eyes of beginner, to penerate a picture with passion and fire and capture those short moments, which I want to share with you. Those that I want enjoy together with you.<\/p>\n<p>I am amazed by everything beautiful!<\/p>\n<p>I am married and I have two daughters. After the one amazing year on the Bali, I currently live in Brno.<\/p>\n<div class=\"_h8t\">\n<div class=\"_5wd9 direction_ltr\">\n<div class=\"_5wde _n4o\">\n<div class=\"_5w1r _3_om _5wdf\">\n<div class=\"_4gx_\">\n<div class=\"_d97\"><span class=\"_5yl5\">I also act as mountain guide. I love exercises, mountain climbing, ice swimming, skitouring. I am an active scuba diver and shooter. I also work as a teacher of personal development, partnership and sexuality.<\/span><\/div>\n<\/div>\n<div><\/div>\n<div>If you like my pictures, do not hesitate to contact me and to choose exactly yours one. I will be also willing for enquiries of photo-shooting you, your life, your ideas.<\/div>\n<\/div>\n<\/div>\n<\/div>\n<div><\/div>\n<div class=\"_5wd9 direction_ltr\">\n<div class=\"_5wde _n4o\">\n<div class=\"_5w1r _3_om _5wdf\">\n<div>\n<p>&nbsp;<\/p>\n<p>Pou\u017e\u00edv\u00e1m fotoapar\u00e1t Sony Alpha A7R3 s \u0159adou \u0161pi\u010dkov\u00fdch objektiv\u016f a star\u00fdch manu\u00e1ln\u00edch objektiv\u016f. Fot\u00edm tak\u00e9 na klasick\u00fd kinofilm.<\/p>\n<\/div>\n<\/div>\n<\/div>\n<p>&nbsp;<\/p>\n<\/div>\n<\/div>\n","protected":false},"excerpt":{"rendered":"<p>M\u00fdm p\u0159\u00e1n\u00edm je vid\u011bt sv\u011bt do \u0161iroka otev\u0159en\u00fdma o\u010dima za\u010d\u00e1te\u010dn\u00edka, v\u00e1\u0161niv\u011b a s nad\u0161en\u00edm pronikat do obrazu a zachycovat ty kr\u00e1tk\u00e9 oka-m\u017eiky, kter\u00e9 s v\u00e1mi chci sd\u00edlet. Nad kter\u00fdmi se chci spole\u010dn\u011b s v\u00e1mi radovat. Jsem v \u00fa\u017easu nad v\u0161\u00edm kr\u00e1sn\u00fdm! Jsem \u017eenat\u00fd a m\u00e1m dv\u011b dcery. Po roce \u017eivota na Bali, \u017eiji moment\u00e1ln\u011b v [&hellip;]<\/p>\n","protected":false},"author":1,"featured_media":0,"parent":0,"menu_order":0,"comment_status":"closed","ping_status":"closed","template":"","meta":{"footnotes":""},"class_list":["post-6","page","type-page","status-publish","hentry"],"jetpack_sharing_enabled":true,"_links":{"self":[{"href":"https:\/\/janharnos.com\/photography\/wp-json\/wp\/v2\/pages\/6","targetHints":{"allow":["GET"]}}],"collection":[{"href":"https:\/\/janharnos.com\/photography\/wp-json\/wp\/v2\/pages"}],"about":[{"href":"https:\/\/janharnos.com\/photography\/wp-json\/wp\/v2\/types\/page"}],"author":[{"embeddable":true,"href":"https:\/\/janharnos.com\/photography\/wp-json\/wp\/v2\/users\/1"}],"replies":[{"embeddable":true,"href":"https:\/\/janharnos.com\/photography\/wp-json\/wp\/v2\/comments?post=6"}],"version-history":[{"count":18,"href":"https:\/\/janharnos.com\/photography\/wp-json\/wp\/v2\/pages\/6\/revisions"}],"predecessor-version":[{"id":386,"href":"https:\/\/janharnos.com\/photography\/wp-json\/wp\/v2\/pages\/6\/revisions\/386"}],"wp:attachment":[{"href":"https:\/\/janharnos.com\/photography\/wp-json\/wp\/v2\/media?parent=6"}],"curies":[{"name":"wp","href":"https:\/\/api.w.org\/{rel}","templated":true}]}}